{"id":2805,"date":"2020-12-10T09:29:09","date_gmt":"2020-12-10T08:29:09","guid":{"rendered":"https:\/\/alexandre-dallant.com\/?page_id=2805"},"modified":"2021-03-04T18:46:41","modified_gmt":"2021-03-04T17:46:41","slug":"all4u-mentions","status":"publish","type":"page","link":"https:\/\/alexandre-dallant.com\/index.php\/all4u-mentions\/","title":{"rendered":"all4u-Mentions"},"content":{"rendered":"<p>[et_pb_section fb_built=\u00a0\u00bb1&Prime; fullwidth=\u00a0\u00bbon\u00a0\u00bb admin_label=\u00a0\u00bbPage Header\u00a0\u00bb _builder_version=\u00a0\u00bb4.4.0&Prime; background_image=\u00a0\u00bbhttps:\/\/alexandre-dallant.com\/wp-content\/uploads\/2020\/09\/Capture-d\u2019e\u0301cran-2020-09-04-a\u0300-18.21.19.png\u00a0\u00bb parallax=\u00a0\u00bbon\u00a0\u00bb filter_saturate=\u00a0\u00bb66%\u00a0\u00bb animation_direction=\u00a0\u00bbtop\u00a0\u00bb][et_pb_fullwidth_header text_orientation=\u00a0\u00bbcenter\u00a0\u00bb logo_image_url=\u00a0\u00bbhttps:\/\/alexandre-dallant.com\/wp-content\/uploads\/2020\/12\/All4you-logo-blanc-bleu.png\u00a0\u00bb content_max_width=\u00a0\u00bb30%\u00a0\u00bb admin_label=\u00a0\u00bbHero Section\u00a0\u00bb _builder_version=\u00a0\u00bb4.4.0&Prime; title_font=\u00a0\u00bbMontserrat|on|||\u00a0\u00bb title_font_size=\u00a0\u00bb60px\u00a0\u00bb title_line_height=\u00a0\u00bb1.4em\u00a0\u00bb content_font_size=\u00a0\u00bb22px\u00a0\u00bb content_line_height=\u00a0\u00bb1.8em\u00a0\u00bb subhead_font=\u00a0\u00bb||||\u00a0\u00bb background_color=\u00a0\u00bbrgba(255, 255, 255, 0)\u00a0\u00bb use_background_color_gradient=\u00a0\u00bbon\u00a0\u00bb background_color_gradient_start=\u00a0\u00bbrgba(58,52,226,0.93)\u00a0\u00bb background_color_gradient_end=\u00a0\u00bbrgba(73,108,220,0.7)\u00a0\u00bb custom_button_one=\u00a0\u00bbon\u00a0\u00bb button_one_text_size=\u00a0\u00bb16px\u00a0\u00bb button_one_bg_color=\u00a0\u00bb#6eba01&Prime; button_one_border_width=\u00a0\u00bb2px\u00a0\u00bb button_one_border_color=\u00a0\u00bb#6eba01&Prime; button_one_border_radius=\u00a0\u00bb0&Prime; button_one_letter_spacing=\u00a0\u00bb2&Prime; button_one_font=\u00a0\u00bbMontserrat|||on|\u00a0\u00bb button_one_use_icon=\u00a0\u00bboff\u00a0\u00bb custom_button_two=\u00a0\u00bbon\u00a0\u00bb button_two_text_size=\u00a0\u00bb16px\u00a0\u00bb button_two_border_width=\u00a0\u00bb2px\u00a0\u00bb button_two_border_color=\u00a0\u00bb#ffffff\u00a0\u00bb button_two_border_radius=\u00a0\u00bb0&Prime; button_two_letter_spacing=\u00a0\u00bb2&Prime; button_two_font=\u00a0\u00bbMontserrat|||on|\u00a0\u00bb button_two_use_icon=\u00a0\u00bboff\u00a0\u00bb module_alignment=\u00a0\u00bbleft\u00a0\u00bb animation_style=\u00a0\u00bbfade\u00a0\u00bb title_font_size_tablet=\u00a0\u00bb\u00a0\u00bb title_font_size_phone=\u00a0\u00bb48px\u00a0\u00bb title_font_size_last_edited=\u00a0\u00bbon|phone\u00a0\u00bb button_one_text_color_hover=\u00a0\u00bb#6eba01&Prime; button_two_text_color_hover=\u00a0\u00bb#6eba01&Prime; button_one_border_color_hover=\u00a0\u00bb#ffffff\u00a0\u00bb button_two_border_color_hover=\u00a0\u00bb#ffffff\u00a0\u00bb button_one_border_radius_hover=\u00a0\u00bb0&Prime; button_two_border_radius_hover=\u00a0\u00bb0&Prime; button_one_letter_spacing_hover=\u00a0\u00bb2&Prime; button_two_letter_spacing_hover=\u00a0\u00bb2&Prime; button_one_bg_color_hover=\u00a0\u00bb#ffffff\u00a0\u00bb button_two_bg_color_hover=\u00a0\u00bb#ffffff\u00a0\u00bb button_one_text_size__hover_enabled=\u00a0\u00bboff\u00a0\u00bb button_two_text_size__hover_enabled=\u00a0\u00bboff\u00a0\u00bb button_one_text_color__hover_enabled=\u00a0\u00bbon\u00a0\u00bb button_one_text_color__hover=\u00a0\u00bb#6eba01&Prime; button_two_text_color__hover_enabled=\u00a0\u00bbon\u00a0\u00bb button_two_text_color__hover=\u00a0\u00bb#6eba01&Prime; button_one_border_width__hover_enabled=\u00a0\u00bboff\u00a0\u00bb button_two_border_width__hover_enabled=\u00a0\u00bboff\u00a0\u00bb button_one_border_color__hover_enabled=\u00a0\u00bbon\u00a0\u00bb button_one_border_color__hover=\u00a0\u00bb#ffffff\u00a0\u00bb button_two_border_color__hover_enabled=\u00a0\u00bbon\u00a0\u00bb button_two_border_color__hover=\u00a0\u00bb#ffffff\u00a0\u00bb button_one_border_radius__hover_enabled=\u00a0\u00bbon\u00a0\u00bb button_one_border_radius__hover=\u00a0\u00bb0&Prime; button_two_border_radius__hover_enabled=\u00a0\u00bbon\u00a0\u00bb button_two_border_radius__hover=\u00a0\u00bb0&Prime; button_one_letter_spacing__hover_enabled=\u00a0\u00bbon\u00a0\u00bb button_one_letter_spacing__hover=\u00a0\u00bb2&Prime; button_two_letter_spacing__hover_enabled=\u00a0\u00bbon\u00a0\u00bb button_two_letter_spacing__hover=\u00a0\u00bb2&Prime; button_one_bg_color__hover_enabled=\u00a0\u00bbon\u00a0\u00bb button_one_bg_color__hover=\u00a0\u00bb#ffffff\u00a0\u00bb button_two_bg_color__hover_enabled=\u00a0\u00bbon\u00a0\u00bb button_two_bg_color__hover=\u00a0\u00bb#ffffff\u00a0\u00bb][\/et_pb_fullwidth_header][\/et_pb_section][et_pb_section fb_built=\u00a0\u00bb1&Prime; admin_label=\u00a0\u00bbContact Info\u00a0\u00bb _builder_version=\u00a0\u00bb3.22&Prime; custom_margin=\u00a0\u00bb-29px|||||\u00a0\u00bb custom_padding=\u00a0\u00bb6px||6px||true|\u00a0\u00bb locked=\u00a0\u00bboff\u00a0\u00bb][et_pb_row _builder_version=\u00a0\u00bb3.25&Prime; custom_padding=\u00a0\u00bb55px|||||\u00a0\u00bb custom_width_px=\u00a0\u00bb710px\u00a0\u00bb][et_pb_column type=\u00a0\u00bb4_4&Prime; _builder_version=\u00a0\u00bb3.25&Prime; background_position=\u00a0\u00bbtop_left\u00a0\u00bb custom_padding=\u00a0\u00bb|||\u00a0\u00bb custom_padding__hover=\u00a0\u00bb|||\u00a0\u00bb][et_pb_divider color=\u00a0\u00bb#4e5ed0&Prime; divider_weight=\u00a0\u00bb3px\u00a0\u00bb disabled_on=\u00a0\u00bboff|off|off\u00a0\u00bb _builder_version=\u00a0\u00bb3.2&Prime; background_color_gradient_direction=\u00a0\u00bb90deg\u00a0\u00bb max_width=\u00a0\u00bb100px\u00a0\u00bb module_alignment=\u00a0\u00bbcenter\u00a0\u00bb height=\u00a0\u00bb5px\u00a0\u00bb custom_margin=\u00a0\u00bb||20px|\u00a0\u00bb custom_padding=\u00a0\u00bb||20px|\u00a0\u00bb animation_style=\u00a0\u00bbslide\u00a0\u00bb animation_direction=\u00a0\u00bbbottom\u00a0\u00bb saved_tabs=\u00a0\u00bball\u00a0\u00bb locked=\u00a0\u00bboff\u00a0\u00bb][\/et_pb_divider][et_pb_text admin_label=\u00a0\u00bbContact Section Title\u00a0\u00bb _builder_version=\u00a0\u00bb4.4.0&Prime; header_font=\u00a0\u00bbMontserrat||||\u00a0\u00bb header_text_color=\u00a0\u00bb#1f1f1f\u00a0\u00bb header_font_size=\u00a0\u00bb36px\u00a0\u00bb text_orientation=\u00a0\u00bbcenter\u00a0\u00bb max_width=\u00a0\u00bb710px\u00a0\u00bb module_alignment=\u00a0\u00bbcenter\u00a0\u00bb animation_style=\u00a0\u00bbfold\u00a0\u00bb animation_direction=\u00a0\u00bbbottom\u00a0\u00bb animation_intensity_fold=\u00a0\u00bb20%\u00a0\u00bb]<\/p>\n<h1>Mentions l\u00e9gales<\/h1>\n<p>[\/et_pb_text][\/et_pb_column][\/et_pb_row][et_pb_row _builder_version=\u00a0\u00bb4.4.0&Prime;][et_pb_column type=\u00a0\u00bb4_4&Prime; _builder_version=\u00a0\u00bb4.4.0&Prime;][et_pb_text _builder_version=\u00a0\u00bb4.4.0&Prime;]<\/p>\n<h4 class=\"et_pb_module_header et-fb-editable-element et-fb-editable-element__editing\" data-shortcode-id=\"1.1.0.0-1607588520712\" data-quickaccess-id=\"header\" contenteditable=\"true\" style=\"text-align: justify;\"><span style=\"font-size: x-large;\">Si\u00e8ge social<\/span><\/h4>\n<h1 style=\"text-align: justify;\"><span style=\"font-size: medium;\">All4U 2 rue Jules Massenet 14800 Touques-Deauville<\/span><br \/><span style=\"font-size: medium;\">SARL \u00e0 associ\u00e9 unique au capital de 10 000\u20ac<\/span><br \/><span style=\"font-size: medium;\">RCS LISIEUX 819 136 615<\/span><br \/><span style=\"font-size: medium;\">TVA FR 23 819 136 615<\/span><span style=\"font-size: medium;\">\u00a0<\/span><\/h1>\n<p><span style=\"font-size: medium;\"><\/span><\/p>\n<p><span style=\"font-size: medium;\"><\/span><\/p>\n<h1 style=\"text-align: justify;\"><span style=\"font-size: x-large; color: #000000;\">Directrice de la publication<\/span><br \/><span style=\"font-size: medium;\">Laurence Di Palma<\/span><br \/><span style=\"font-size: medium;\">Pour tous les textes pr\u00e9sent\u00e9s sur ce site : \u00a9 All4U 2016 Tous droits d&rsquo;auteur r\u00e9serv\u00e9s.\u00a0<\/span><span style=\"font-size: medium;\">Sauf autorisation formelle \u00e9crite et pr\u00e9alable, la reproduction ainsi que toutes utilisations des textes autres que la consultation individuelle et priv\u00e9e sont interdits.<\/span><\/h1>\n<p style=\"text-align: justify;\"><span style=\"font-size: medium;\"><\/span><\/p>\n<p style=\"text-align: justify;\"><span style=\"font-size: medium;\"><\/span><\/p>\n<h1 style=\"text-align: justify;\"><span style=\"font-size: medium;\"><span style=\"font-size: x-large; color: #000000;\">Cr\u00e9dit photo<\/span><br \/><\/span><span style=\"font-size: medium;\">Laurence Di Palma \/ All4U<br \/><\/span><span style=\"font-size: medium;\">Toute reproduction n\u00e9cessite l&rsquo;accord pr\u00e9alable de son auteur.<\/span><\/h1>\n<p><span style=\"font-size: medium;\"><\/span><\/p>\n<p><span style=\"font-size: medium;\"><\/span><\/p>\n<h1 style=\"text-align: justify;\"><span style=\"font-size: x-large;\">Adresse du site (URL)<\/span><br \/><span style=\"font-size: medium;\">www.all4u-events.com \u00ae<\/span><\/h1>\n<p style=\"text-align: justify;\"><span style=\"font-size: medium;\"><\/span><\/p>\n<p style=\"text-align: justify;\"><span style=\"font-size: medium;\"><\/span><\/p>\n<h1 style=\"text-align: justify;\"><span style=\"font-size: x-large; color: #000000;\">H\u00e9bergement<\/span><br \/><span style=\"font-size: medium;\">OVH<\/span><br \/><span style=\"font-size: medium;\">2 rue Kellermann 59100 Roubaix \u2013 France<\/span><br \/><span style=\"font-size: medium;\">www.ovh.com<\/span><br \/><span style=\"font-size: medium;\">T\u00e9l : 0899 701 761<\/span><br \/><span style=\"font-size: medium;\">(1,349 \u20ac ttc \/ appel puis 0,337 \u20ac ttc \/ min)<\/span><\/h1>\n<p style=\"text-align: justify;\"><span style=\"font-size: medium;\"><\/span><\/p>\n<p style=\"text-align: justify;\"><span style=\"font-size: medium;\"><\/span><\/p>\n<h1 style=\"text-align: justify;\"><span style=\"font-size: medium;\"><span style=\"font-size: x-large; color: #000000;\">R\u00e9alisation<\/span><br \/><\/span><span style=\"font-size: medium;\"><a href=\"http:\/\/www.alexandre-dallant.com\">www.alexandre-dallant.com<\/a><\/span><\/h1>\n<p style=\"text-align: justify;\"><span style=\"font-size: medium;\"><\/span><\/p>\n<p style=\"text-align: justify;\"><span style=\"font-size: medium;\"><\/span><\/p>\n<h1 style=\"text-align: justify;\"><span style=\"font-size: medium;\"><span style=\"font-size: x-large; color: #000000;\">Respect des donn\u00e9es personnelles<\/span><br \/><\/span><span style=\"font-size: medium;\">Les informations que vous communiquez par le biais de ce site font l&rsquo;objet d&rsquo;un traitement informatique n\u00e9cessaire \u00e0 la gestion de nos relations.<br \/><\/span><span style=\"font-size: medium;\">Elles sont exclusivement r\u00e9serv\u00e9es \u00e0 l&rsquo;usage de All4U.<\/span><\/h1>\n<h1 style=\"text-align: justify;\"><span style=\"font-size: medium;\">Les informations collect\u00e9es ne sont en aucun cas communiqu\u00e9es ou c\u00e9d\u00e9es \u00e0 des tiers, \u00e0 l&rsquo;exception des co-contractants de All4U qui n&rsquo;agiront que sur instruction et contr\u00f4le de celle-ci et qui seront soumis \u00e0 une stricte obligation de confidentialit\u00e9.<\/span><\/h1>\n<h1 style=\"text-align: justify;\"><span style=\"font-size: medium;\">En application des articles 38 et suivants de la loi du 6 janvier 1978, vous b\u00e9n\u00e9ficiez des droits d&rsquo;acc\u00e8s, de rectification, de suppression et d&rsquo;opposition aux informations vous concernant.<\/span><br \/><span style=\"font-size: medium;\">Vous pouvez exercer ces droits en \u00e9crivant \u00e0 l&rsquo;adresse du si\u00e8ge social de All4U.<\/span><\/h1>\n<p>[\/et_pb_text][\/et_pb_column][\/et_pb_row][\/et_pb_section][et_pb_section fb_built=\u00a0\u00bb1&Prime; _builder_version=\u00a0\u00bb4.4.0&Prime; custom_margin=\u00a0\u00bb-29px|||||\u00a0\u00bb][et_pb_row _builder_version=\u00a0\u00bb4.4.0&Prime; global_module=\u00a0\u00bb1922&Prime;][et_pb_column type=\u00a0\u00bb4_4&Prime; _builder_version=\u00a0\u00bb4.4.0&Prime;][et_pb_social_media_follow _builder_version=\u00a0\u00bb4.4.0&Prime; text_orientation=\u00a0\u00bbcenter\u00a0\u00bb][et_pb_social_media_follow_network social_network=\u00a0\u00bbfacebook\u00a0\u00bb _builder_version=\u00a0\u00bb4.4.0&Prime; background_color=\u00a0\u00bb#3b5998&Prime; follow_button=\u00a0\u00bboff\u00a0\u00bb url_new_window=\u00a0\u00bbon\u00a0\u00bb]facebook[\/et_pb_social_media_follow_network][et_pb_social_media_follow_network social_network=\u00a0\u00bbtwitter\u00a0\u00bb _builder_version=\u00a0\u00bb4.4.0&Prime; background_color=\u00a0\u00bb#00aced\u00a0\u00bb follow_button=\u00a0\u00bboff\u00a0\u00bb url_new_window=\u00a0\u00bbon\u00a0\u00bb]twitter[\/et_pb_social_media_follow_network][\/et_pb_social_media_follow][\/et_pb_column][\/et_pb_row][\/et_pb_section]<\/p>\n","protected":false},"excerpt":{"rendered":"<p>Mentions l\u00e9galesSi\u00e8ge social All4U 2 rue Jules Massenet 14800 Touques-DeauvilleSARL \u00e0 associ\u00e9 unique au capital de 10 000\u20acRCS LISIEUX 819 136 615TVA FR 23 819 136 615\u00a0 Directrice de la publicationLaurence Di PalmaPour tous les textes pr\u00e9sent\u00e9s sur ce site : \u00a9 All4U 2016 Tous droits d&rsquo;auteur r\u00e9serv\u00e9s.\u00a0Sauf autorisation formelle \u00e9crite et pr\u00e9alable, la reproduction [&hellip;]<\/p>\n","protected":false},"author":1,"featured_media":0,"parent":0,"menu_order":0,"comment_status":"closed","ping_status":"closed","template":"","meta":{"_et_pb_use_builder":"on","_et_pb_old_content":"","_et_gb_content_width":"","footnotes":""},"class_list":["post-2805","page","type-page","status-publish","hentry"],"yoast_head":"<!-- This site is optimized with the Yoast SEO plugin v26.4 - https:\/\/yoast.com\/wordpress\/plugins\/seo\/ -->\n<title>all4u-Mentions - Alexandre dallant - Directeur Artistique<\/title>\n<meta name=\"robots\" content=\"index, follow, max-snippet:-1, max-image-preview:large, max-video-preview:-1\" \/>\n<link rel=\"canonical\" href=\"https:\/\/alexandre-dallant.com\/index.php\/all4u-mentions\/\" \/>\n<meta property=\"og:locale\" content=\"fr_FR\" \/>\n<meta property=\"og:type\" content=\"article\" \/>\n<meta property=\"og:title\" content=\"all4u-Mentions - Alexandre dallant - Directeur Artistique\" \/>\n<meta property=\"og:description\" content=\"Mentions l\u00e9galesSi\u00e8ge social All4U 2 rue Jules Massenet 14800 Touques-DeauvilleSARL \u00e0 associ\u00e9 unique au capital de 10 000\u20acRCS LISIEUX 819 136 615TVA FR 23 819 136 615\u00a0 Directrice de la publicationLaurence Di PalmaPour tous les textes pr\u00e9sent\u00e9s sur ce site : \u00a9 All4U 2016 Tous droits d&#039;auteur r\u00e9serv\u00e9s.\u00a0Sauf autorisation formelle \u00e9crite et pr\u00e9alable, la reproduction [&hellip;]\" \/>\n<meta property=\"og:url\" content=\"https:\/\/alexandre-dallant.com\/index.php\/all4u-mentions\/\" \/>\n<meta property=\"og:site_name\" content=\"Alexandre dallant - Directeur Artistique\" \/>\n<meta property=\"article:modified_time\" content=\"2021-03-04T17:46:41+00:00\" \/>\n<meta name=\"twitter:card\" content=\"summary_large_image\" \/>\n<meta name=\"twitter:label1\" content=\"Dur\u00e9e de lecture estim\u00e9e\" \/>\n\t<meta name=\"twitter:data1\" content=\"5 minutes\" \/>\n<script type=\"application\/ld+json\" class=\"yoast-schema-graph\">{\"@context\":\"https:\/\/schema.org\",\"@graph\":[{\"@type\":\"WebPage\",\"@id\":\"https:\/\/alexandre-dallant.com\/index.php\/all4u-mentions\/\",\"url\":\"https:\/\/alexandre-dallant.com\/index.php\/all4u-mentions\/\",\"name\":\"all4u-Mentions - Alexandre dallant - Directeur Artistique\",\"isPartOf\":{\"@id\":\"https:\/\/alexandre-dallant.com\/#website\"},\"datePublished\":\"2020-12-10T08:29:09+00:00\",\"dateModified\":\"2021-03-04T17:46:41+00:00\",\"breadcrumb\":{\"@id\":\"https:\/\/alexandre-dallant.com\/index.php\/all4u-mentions\/#breadcrumb\"},\"inLanguage\":\"fr-FR\",\"potentialAction\":[{\"@type\":\"ReadAction\",\"target\":[\"https:\/\/alexandre-dallant.com\/index.php\/all4u-mentions\/\"]}]},{\"@type\":\"BreadcrumbList\",\"@id\":\"https:\/\/alexandre-dallant.com\/index.php\/all4u-mentions\/#breadcrumb\",\"itemListElement\":[{\"@type\":\"ListItem\",\"position\":1,\"name\":\"Accueil\",\"item\":\"https:\/\/alexandre-dallant.com\/\"},{\"@type\":\"ListItem\",\"position\":2,\"name\":\"all4u-Mentions\"}]},{\"@type\":\"WebSite\",\"@id\":\"https:\/\/alexandre-dallant.com\/#website\",\"url\":\"https:\/\/alexandre-dallant.com\/\",\"name\":\"Alexandre dallant - Directeur Artistique\",\"description\":\"Directeur artistique depuis 30 ans | Vision cr\u00e9ative 360\u00b0 pour grandes marques | Expertise design, branding &amp; strat\u00e9gie visuelle | D\u00e9couvrez mon portfolio\",\"potentialAction\":[{\"@type\":\"SearchAction\",\"target\":{\"@type\":\"EntryPoint\",\"urlTemplate\":\"https:\/\/alexandre-dallant.com\/?s={search_term_string}\"},\"query-input\":{\"@type\":\"PropertyValueSpecification\",\"valueRequired\":true,\"valueName\":\"search_term_string\"}}],\"inLanguage\":\"fr-FR\"}]}<\/script>\n<!-- \/ Yoast SEO plugin. -->","yoast_head_json":{"title":"all4u-Mentions - Alexandre dallant - Directeur Artistique","robots":{"index":"index","follow":"follow","max-snippet":"max-snippet:-1","max-image-preview":"max-image-preview:large","max-video-preview":"max-video-preview:-1"},"canonical":"https:\/\/alexandre-dallant.com\/index.php\/all4u-mentions\/","og_locale":"fr_FR","og_type":"article","og_title":"all4u-Mentions - Alexandre dallant - Directeur Artistique","og_description":"Mentions l\u00e9galesSi\u00e8ge social All4U 2 rue Jules Massenet 14800 Touques-DeauvilleSARL \u00e0 associ\u00e9 unique au capital de 10 000\u20acRCS LISIEUX 819 136 615TVA FR 23 819 136 615\u00a0 Directrice de la publicationLaurence Di PalmaPour tous les textes pr\u00e9sent\u00e9s sur ce site : \u00a9 All4U 2016 Tous droits d'auteur r\u00e9serv\u00e9s.\u00a0Sauf autorisation formelle \u00e9crite et pr\u00e9alable, la reproduction [&hellip;]","og_url":"https:\/\/alexandre-dallant.com\/index.php\/all4u-mentions\/","og_site_name":"Alexandre dallant - Directeur Artistique","article_modified_time":"2021-03-04T17:46:41+00:00","twitter_card":"summary_large_image","twitter_misc":{"Dur\u00e9e de lecture estim\u00e9e":"5 minutes"},"schema":{"@context":"https:\/\/schema.org","@graph":[{"@type":"WebPage","@id":"https:\/\/alexandre-dallant.com\/index.php\/all4u-mentions\/","url":"https:\/\/alexandre-dallant.com\/index.php\/all4u-mentions\/","name":"all4u-Mentions - Alexandre dallant - Directeur Artistique","isPartOf":{"@id":"https:\/\/alexandre-dallant.com\/#website"},"datePublished":"2020-12-10T08:29:09+00:00","dateModified":"2021-03-04T17:46:41+00:00","breadcrumb":{"@id":"https:\/\/alexandre-dallant.com\/index.php\/all4u-mentions\/#breadcrumb"},"inLanguage":"fr-FR","potentialAction":[{"@type":"ReadAction","target":["https:\/\/alexandre-dallant.com\/index.php\/all4u-mentions\/"]}]},{"@type":"BreadcrumbList","@id":"https:\/\/alexandre-dallant.com\/index.php\/all4u-mentions\/#breadcrumb","itemListElement":[{"@type":"ListItem","position":1,"name":"Accueil","item":"https:\/\/alexandre-dallant.com\/"},{"@type":"ListItem","position":2,"name":"all4u-Mentions"}]},{"@type":"WebSite","@id":"https:\/\/alexandre-dallant.com\/#website","url":"https:\/\/alexandre-dallant.com\/","name":"Alexandre dallant - Directeur Artistique","description":"Directeur artistique depuis 30 ans | Vision cr\u00e9ative 360\u00b0 pour grandes marques | Expertise design, branding &amp; strat\u00e9gie visuelle | D\u00e9couvrez mon portfolio","potentialAction":[{"@type":"SearchAction","target":{"@type":"EntryPoint","urlTemplate":"https:\/\/alexandre-dallant.com\/?s={search_term_string}"},"query-input":{"@type":"PropertyValueSpecification","valueRequired":true,"valueName":"search_term_string"}}],"inLanguage":"fr-FR"}]}},"_links":{"self":[{"href":"https:\/\/alexandre-dallant.com\/index.php\/wp-json\/wp\/v2\/pages\/2805","targetHints":{"allow":["GET"]}}],"collection":[{"href":"https:\/\/alexandre-dallant.com\/index.php\/wp-json\/wp\/v2\/pages"}],"about":[{"href":"https:\/\/alexandre-dallant.com\/index.php\/wp-json\/wp\/v2\/types\/page"}],"author":[{"embeddable":true,"href":"https:\/\/alexandre-dallant.com\/index.php\/wp-json\/wp\/v2\/users\/1"}],"replies":[{"embeddable":true,"href":"https:\/\/alexandre-dallant.com\/index.php\/wp-json\/wp\/v2\/comments?post=2805"}],"version-history":[{"count":7,"href":"https:\/\/alexandre-dallant.com\/index.php\/wp-json\/wp\/v2\/pages\/2805\/revisions"}],"predecessor-version":[{"id":3069,"href":"https:\/\/alexandre-dallant.com\/index.php\/wp-json\/wp\/v2\/pages\/2805\/revisions\/3069"}],"wp:attachment":[{"href":"https:\/\/alexandre-dallant.com\/index.php\/wp-json\/wp\/v2\/media?parent=2805"}],"curies":[{"name":"wp","href":"https:\/\/api.w.org\/{rel}","templated":true}]}}