{"id":7427,"date":"2025-05-05T14:20:10","date_gmt":"2025-05-05T12:20:10","guid":{"rendered":"https:\/\/alexandre-dallant.com\/?page_id=7427"},"modified":"2025-12-05T18:38:44","modified_gmt":"2025-12-05T17:38:44","slug":"havas-metiers-home-generique","status":"publish","type":"page","link":"https:\/\/alexandre-dallant.com\/index.php\/havas-metiers-home-generique\/","title":{"rendered":"Havas-m\u00e9tiers-home-g\u00e9n\u00e9rique-off"},"content":{"rendered":"<p>[et_pb_section fb_built=\u00a0\u00bb1&Prime; _builder_version=\u00a0\u00bb4.27.4&Prime; _module_preset=\u00a0\u00bbdefault\u00a0\u00bb custom_padding=\u00a0\u00bb15px||3px|||\u00a0\u00bb global_module=\u00a0\u00bb7355&Prime; global_colors_info=\u00a0\u00bb{}\u00a0\u00bb][et_pb_row column_structure=\u00a0\u00bb1_3,2_3&Prime; _builder_version=\u00a0\u00bb4.27.4&Prime; _module_preset=\u00a0\u00bbdefault\u00a0\u00bb max_width=\u00a0\u00bb1280px\u00a0\u00bb custom_padding=\u00a0\u00bb0px||0px|||\u00a0\u00bb global_colors_info=\u00a0\u00bb{}\u00a0\u00bb][et_pb_column type=\u00a0\u00bb1_3&Prime; _builder_version=\u00a0\u00bb4.27.4&Prime; _dynamic_attributes=\u00a0\u00bblink_option_url\u00a0\u00bb _module_preset=\u00a0\u00bbdefault\u00a0\u00bb link_option_url=\u00a0\u00bb@ET-DC@eyJkeW5hbWljIjp0cnVlLCJjb250ZW50IjoicG9zdF9saW5rX3VybF9wYWdlIiwic2V0dGluZ3MiOnsicG9zdF9pZCI6IjcxMTgifX0=@\u00a0\u00bb global_colors_info=\u00a0\u00bb{}\u00a0\u00bb][et_pb_image src=\u00a0\u00bbhttps:\/\/alexandre-dallant.com\/wp-content\/uploads\/2025\/04\/menu-site7-logo.jpg\u00a0\u00bb title_text=\u00a0\u00bbmenu site7-logo\u00a0\u00bb url=\u00a0\u00bb@ET-DC@eyJkeW5hbWljIjp0cnVlLCJjb250ZW50IjoicG9zdF9saW5rX3VybF9wYWdlIiwic2V0dGluZ3MiOnsicG9zdF9pZCI6IjcxMTgifX0=@\u00a0\u00bb _builder_version=\u00a0\u00bb4.27.4&Prime; _dynamic_attributes=\u00a0\u00bburl\u00a0\u00bb _module_preset=\u00a0\u00bbdefault\u00a0\u00bb hover_enabled=\u00a0\u00bb0&Prime; global_colors_info=\u00a0\u00bb{}\u00a0\u00bb sticky_enabled=\u00a0\u00bb0&Prime;][\/et_pb_image][\/et_pb_column][et_pb_column type=\u00a0\u00bb2_3&Prime; _builder_version=\u00a0\u00bb4.27.4&Prime; _module_preset=\u00a0\u00bbdefault\u00a0\u00bb global_colors_info=\u00a0\u00bb{}\u00a0\u00bb][et_pb_menu menu_id=\u00a0\u00bb25&Prime; _builder_version=\u00a0\u00bb4.27.4&Prime; _module_preset=\u00a0\u00bbdefault\u00a0\u00bb custom_margin=\u00a0\u00bb8px|||||\u00a0\u00bb global_colors_info=\u00a0\u00bb{}\u00a0\u00bb][\/et_pb_menu][\/et_pb_column][\/et_pb_row][\/et_pb_section][et_pb_section fb_built=\u00a0\u00bb1&Prime; _builder_version=\u00a0\u00bb4.27.4&Prime; _module_preset=\u00a0\u00bbdefault\u00a0\u00bb background_color=\u00a0\u00bb#e5e5e5&Prime; background_video_mp4=\u00a0\u00bbhttps:\/\/alexandre-dallant.com\/wp-content\/uploads\/2024\/09\/perou2.mp4&Prime; min_height=\u00a0\u00bb380.4px\u00a0\u00bb custom_margin=\u00a0\u00bb||-3px|||\u00a0\u00bb custom_padding=\u00a0\u00bb380px||594px|||\u00a0\u00bb global_colors_info=\u00a0\u00bb{}\u00a0\u00bb][et_pb_row column_structure=\u00a0\u00bb1_2,1_2&Prime; _builder_version=\u00a0\u00bb4.27.4&Prime; _module_preset=\u00a0\u00bbdefault\u00a0\u00bb max_width=\u00a0\u00bb1280px\u00a0\u00bb global_colors_info=\u00a0\u00bb{}\u00a0\u00bb][et_pb_column type=\u00a0\u00bb1_2&Prime; _builder_version=\u00a0\u00bb4.27.4&Prime; _module_preset=\u00a0\u00bbdefault\u00a0\u00bb global_colors_info=\u00a0\u00bb{}\u00a0\u00bb][et_pb_image src=\u00a0\u00bbhttps:\/\/alexandre-dallant.com\/wp-content\/uploads\/2025\/05\/TXT-VOYAGES-SUR-MESURE-02.png\u00a0\u00bb title_text=\u00a0\u00bbTXT-VOYAGES-SUR-MESURE-02&Prime; align=\u00a0\u00bbcenter\u00a0\u00bb _builder_version=\u00a0\u00bb4.27.4&Prime; _module_preset=\u00a0\u00bbdefault\u00a0\u00bb width=\u00a0\u00bb100%\u00a0\u00bb max_width=\u00a0\u00bb70%\u00a0\u00bb max_height=\u00a0\u00bb1000px\u00a0\u00bb custom_margin=\u00a0\u00bb-80px|||||\u00a0\u00bb animation_style=\u00a0\u00bbzoom\u00a0\u00bb global_colors_info=\u00a0\u00bb{}\u00a0\u00bb][\/et_pb_image][et_pb_button button_url=\u00a0\u00bb@ET-DC@eyJkeW5hbWljIjp0cnVlLCJjb250ZW50IjoicG9zdF9saW5rX3VybF9wYWdlIiwic2V0dGluZ3MiOnsicG9zdF9pZCI6IjcxMTgifX0=@\u00a0\u00bb url_new_window=\u00a0\u00bbon\u00a0\u00bb button_text=\u00a0\u00bbD\u00e9couvrez\u00a0\u00bb button_alignment=\u00a0\u00bbcenter\u00a0\u00bb _builder_version=\u00a0\u00bb4.27.4&Prime; _dynamic_attributes=\u00a0\u00bbbutton_url\u00a0\u00bb _module_preset=\u00a0\u00bbdefault\u00a0\u00bb custom_button=\u00a0\u00bbon\u00a0\u00bb button_text_size=\u00a0\u00bb14px\u00a0\u00bb button_text_color=\u00a0\u00bb#FFFFFF\u00a0\u00bb button_bg_color=\u00a0\u00bb#1698d6&Prime; button_border_width=\u00a0\u00bb0px\u00a0\u00bb button_border_color=\u00a0\u00bb#000000&Prime; button_border_radius=\u00a0\u00bb6px\u00a0\u00bb button_font=\u00a0\u00bbMontserrat||||||||\u00a0\u00bb button_icon=\u00a0\u00bb&#x54;||divi||400&Prime; button_icon_color=\u00a0\u00bb#FFFFFF\u00a0\u00bb animation_style=\u00a0\u00bbzoom\u00a0\u00bb global_colors_info=\u00a0\u00bb{}\u00a0\u00bb][\/et_pb_button][\/et_pb_column][et_pb_column type=\u00a0\u00bb1_2&Prime; _builder_version=\u00a0\u00bb4.27.4&Prime; _module_preset=\u00a0\u00bbdefault\u00a0\u00bb global_colors_info=\u00a0\u00bb{}\u00a0\u00bb][et_pb_image src=\u00a0\u00bbhttps:\/\/alexandre-dallant.com\/wp-content\/uploads\/2025\/05\/TXT-NOS-METIERS-02.png\u00a0\u00bb title_text=\u00a0\u00bbTXT-NOS-METIERS-02&Prime; align=\u00a0\u00bbcenter\u00a0\u00bb _builder_version=\u00a0\u00bb4.27.4&Prime; _module_preset=\u00a0\u00bbdefault\u00a0\u00bb width=\u00a0\u00bb100%\u00a0\u00bb max_width=\u00a0\u00bb45%\u00a0\u00bb custom_margin=\u00a0\u00bb-80px|||||\u00a0\u00bb animation_style=\u00a0\u00bbzoom\u00a0\u00bb global_colors_info=\u00a0\u00bb{}\u00a0\u00bb][\/et_pb_image][et_pb_button button_url=\u00a0\u00bb@ET-DC@eyJkeW5hbWljIjp0cnVlLCJjb250ZW50IjoicG9zdF9saW5rX3VybF9wYWdlIiwic2V0dGluZ3MiOnsicG9zdF9pZCI6Ijc0MjcifX0=@\u00a0\u00bb url_new_window=\u00a0\u00bbon\u00a0\u00bb button_text=\u00a0\u00bbD\u00e9couvrez\u00a0\u00bb button_alignment=\u00a0\u00bbcenter\u00a0\u00bb _builder_version=\u00a0\u00bb4.27.4&Prime; _dynamic_attributes=\u00a0\u00bbbutton_url\u00a0\u00bb _module_preset=\u00a0\u00bbdefault\u00a0\u00bb custom_button=\u00a0\u00bbon\u00a0\u00bb button_text_size=\u00a0\u00bb14px\u00a0\u00bb button_text_color=\u00a0\u00bb#FFFFFF\u00a0\u00bb button_bg_color=\u00a0\u00bb#1698d6&Prime; button_border_width=\u00a0\u00bb0px\u00a0\u00bb button_border_color=\u00a0\u00bb#000000&Prime; button_border_radius=\u00a0\u00bb6px\u00a0\u00bb button_font=\u00a0\u00bbMontserrat||||||||\u00a0\u00bb button_icon=\u00a0\u00bb&#x54;||divi||400&Prime; button_icon_color=\u00a0\u00bb#FFFFFF\u00a0\u00bb animation_style=\u00a0\u00bbzoom\u00a0\u00bb global_colors_info=\u00a0\u00bb{}\u00a0\u00bb][\/et_pb_button][\/et_pb_column][\/et_pb_row][\/et_pb_section][et_pb_section fb_built=\u00a0\u00bb1&Prime; disabled_on=\u00a0\u00bbon|on|on\u00a0\u00bb _builder_version=\u00a0\u00bb4.27.4&Prime; _module_preset=\u00a0\u00bbdefault\u00a0\u00bb background_color=\u00a0\u00bb#efefef\u00a0\u00bb custom_padding=\u00a0\u00bb12px||0px|||\u00a0\u00bb sticky_position=\u00a0\u00bbbottom\u00a0\u00bb disabled=\u00a0\u00bbon\u00a0\u00bb global_colors_info=\u00a0\u00bb{}\u00a0\u00bb][et_pb_row _builder_version=\u00a0\u00bb4.25.1&Prime; _module_preset=\u00a0\u00bbdefault\u00a0\u00bb max_width=\u00a0\u00bb1280px\u00a0\u00bb min_height=\u00a0\u00bb65.1px\u00a0\u00bb custom_margin=\u00a0\u00bb-12px|auto||auto||\u00a0\u00bb custom_padding=\u00a0\u00bb22px||1px|||\u00a0\u00bb global_colors_info=\u00a0\u00bb{}\u00a0\u00bb][et_pb_column type=\u00a0\u00bb4_4&Prime; _builder_version=\u00a0\u00bb4.25.1&Prime; _module_preset=\u00a0\u00bbdefault\u00a0\u00bb global_colors_info=\u00a0\u00bb{}\u00a0\u00bb][et_pb_text admin_label=\u00a0\u00bbDiscover Beatuty Sub Title\u00a0\u00bb _builder_version=\u00a0\u00bb4.27.4&Prime; _module_preset=\u00a0\u00bbdefault\u00a0\u00bb text_font=\u00a0\u00bbRoboto||||\u00a0\u00bb text_text_color=\u00a0\u00bb#1a1a1a\u00a0\u00bb text_font_size=\u00a0\u00bb24px\u00a0\u00bb text_letter_spacing=\u00a0\u00bb2px\u00a0\u00bb text_line_height=\u00a0\u00bb1.4em\u00a0\u00bb min_height=\u00a0\u00bb33px\u00a0\u00bb custom_margin=\u00a0\u00bb||-22px|||\u00a0\u00bb custom_padding=\u00a0\u00bb||0px|||\u00a0\u00bb animation_style=\u00a0\u00bbslide\u00a0\u00bb animation_direction=\u00a0\u00bbtop\u00a0\u00bb animation_delay=\u00a0\u00bb100ms\u00a0\u00bb animation_intensity_slide=\u00a0\u00bb10%\u00a0\u00bb inline_fonts=\u00a0\u00bbMontserrat\u00a0\u00bb global_colors_info=\u00a0\u00bb{}\u00a0\u00bb]<\/p>\n<h1 style=\"text-align: center;\"><span style=\"font-family: Montserrat; font-size: xx-large;\"><span style=\"font-size: x-large;\">Planifiez votre voyage<\/span><br \/><\/span><\/h1>\n<p style=\"text-align: center;\"><span style=\"font-family: Montserrat; font-size: xx-large;\"><\/span><\/p>\n<p>[\/et_pb_text][\/et_pb_column][\/et_pb_row][et_pb_row _builder_version=\u00a0\u00bb4.25.1&Prime; _module_preset=\u00a0\u00bbdefault\u00a0\u00bb min_height=\u00a0\u00bb53.2px\u00a0\u00bb custom_padding=\u00a0\u00bb0px||2px|||\u00a0\u00bb global_colors_info=\u00a0\u00bb{}\u00a0\u00bb][et_pb_column type=\u00a0\u00bb4_4&Prime; _builder_version=\u00a0\u00bb4.25.1&Prime; _module_preset=\u00a0\u00bbdefault\u00a0\u00bb global_colors_info=\u00a0\u00bb{}\u00a0\u00bb][et_pb_button button_url=\u00a0\u00bb@ET-DC@eyJkeW5hbWljIjp0cnVlLCJjb250ZW50IjoicG9zdF9saW5rX3VybF9wYWdlIiwic2V0dGluZ3MiOnsicG9zdF9pZCI6IjU2NjUifX0=@\u00a0\u00bb button_text=\u00a0\u00bbContactez nos sp\u00e9cialistes\u00a0\u00bb button_alignment=\u00a0\u00bbcenter\u00a0\u00bb _builder_version=\u00a0\u00bb4.27.4&Prime; _dynamic_attributes=\u00a0\u00bbbutton_url\u00a0\u00bb _module_preset=\u00a0\u00bbdefault\u00a0\u00bb custom_button=\u00a0\u00bbon\u00a0\u00bb button_text_size=\u00a0\u00bb14px\u00a0\u00bb button_text_color=\u00a0\u00bb#FFFFFF\u00a0\u00bb button_bg_color=\u00a0\u00bb#1698d6&Prime; button_border_width=\u00a0\u00bb0px\u00a0\u00bb button_border_color=\u00a0\u00bb#000000&Prime; button_border_radius=\u00a0\u00bb6px\u00a0\u00bb button_font=\u00a0\u00bbMontserrat||||||||\u00a0\u00bb global_colors_info=\u00a0\u00bb{}\u00a0\u00bb][\/et_pb_button][\/et_pb_column][\/et_pb_row][\/et_pb_section][et_pb_section fb_built=\u00a0\u00bb1&Prime; disabled_on=\u00a0\u00bboff|off|off\u00a0\u00bb _builder_version=\u00a0\u00bb4.27.4&Prime; _module_preset=\u00a0\u00bbdefault\u00a0\u00bb background_color=\u00a0\u00bb#1698d6&Prime; global_module=\u00a0\u00bb6589&Prime; saved_tabs=\u00a0\u00bball\u00a0\u00bb global_colors_info=\u00a0\u00bb{}\u00a0\u00bb][et_pb_row column_structure=\u00a0\u00bb1_5,1_5,1_5,1_5,1_5&Prime; use_custom_gutter=\u00a0\u00bbon\u00a0\u00bb gutter_width=\u00a0\u00bb1&Prime; _builder_version=\u00a0\u00bb4.27.4&Prime; _module_preset=\u00a0\u00bbdefault\u00a0\u00bb max_width=\u00a0\u00bb1280px\u00a0\u00bb min_height=\u00a0\u00bb65.1px\u00a0\u00bb custom_padding=\u00a0\u00bb||1px|||\u00a0\u00bb global_colors_info=\u00a0\u00bb{}\u00a0\u00bb][et_pb_column type=\u00a0\u00bb1_5&Prime; _builder_version=\u00a0\u00bb4.27.4&Prime; _module_preset=\u00a0\u00bbdefault\u00a0\u00bb custom_padding=\u00a0\u00bb||0px||false|false\u00a0\u00bb global_colors_info=\u00a0\u00bb{}\u00a0\u00bb][et_pb_text _builder_version=\u00a0\u00bb4.25.1&Prime; _module_preset=\u00a0\u00bbdefault\u00a0\u00bb inline_fonts=\u00a0\u00bbMontserrat\u00a0\u00bb global_colors_info=\u00a0\u00bb{}\u00a0\u00bb]<\/p>\n<p><span style=\"font-family: Montserrat; font-size: medium;\"><strong><span style=\"color: #ffffff;\">HAVAS VOYAGES<\/span><\/strong><\/span><br \/><span style=\"color: #ffffff; font-family: Montserrat; font-size: small;\">&#8211; Nous rejoindre<\/span><br \/><span style=\"color: #ffffff; font-family: Montserrat; font-size: small;\">&#8211; Nos agences<\/span><br \/><span style=\"color: #ffffff; font-family: Montserrat; font-size: small;\">&#8211; Contactez nos sp\u00e9cialistes<\/span><br \/><span style=\"color: #ffffff; font-family: Montserrat; font-size: small;\">&#8211; Contactez-nous<\/span><\/p>\n<p>[\/et_pb_text][\/et_pb_column][et_pb_column type=\u00a0\u00bb1_5&Prime; _builder_version=\u00a0\u00bb4.25.1&Prime; _module_preset=\u00a0\u00bbdefault\u00a0\u00bb global_colors_info=\u00a0\u00bb{}\u00a0\u00bb][et_pb_text _builder_version=\u00a0\u00bb4.25.1&Prime; _module_preset=\u00a0\u00bbdefault\u00a0\u00bb custom_padding=\u00a0\u00bb0px|||||\u00a0\u00bb inline_fonts=\u00a0\u00bbMontserrat\u00a0\u00bb global_colors_info=\u00a0\u00bb{}\u00a0\u00bb]<\/p>\n<p><span style=\"font-family: Montserrat; font-size: medium;\"><strong><span style=\"color: #ffffff;\">NOS M\u00c9TIERS<\/span><\/strong><\/span><br \/><span style=\"color: #ffffff; font-family: Montserrat; font-size: small;\">&#8211; Voyages \u00e0 la carte<\/span><br \/><span style=\"color: #ffffff; font-family: Montserrat; font-size: small;\">&#8211; Groupes<\/span><br \/><span style=\"color: #ffffff; font-family: Montserrat; font-size: small;\">&#8211; Voyages d\u2019affaires<\/span><br \/><span style=\"color: #ffffff; font-family: Montserrat; font-size: small;\">&#8211; Meeting &amp; Events<\/span><br \/><span style=\"color: #ffffff; font-family: Montserrat; font-size: small;\">&#8211; Sport<\/span><\/p>\n<p>[\/et_pb_text][\/et_pb_column][et_pb_column type=\u00a0\u00bb1_5&Prime; _builder_version=\u00a0\u00bb4.25.1&Prime; _module_preset=\u00a0\u00bbdefault\u00a0\u00bb global_colors_info=\u00a0\u00bb{}\u00a0\u00bb][et_pb_text _builder_version=\u00a0\u00bb4.25.1&Prime; _module_preset=\u00a0\u00bbdefault\u00a0\u00bb inline_fonts=\u00a0\u00bbMontserrat\u00a0\u00bb global_colors_info=\u00a0\u00bb{}\u00a0\u00bb]<\/p>\n<p><span style=\"font-family: Montserrat; font-size: medium;\"><strong><span style=\"color: #ffffff;\">INFOS PRATIQUES<\/span><\/strong><\/span><br \/><span style=\"color: #ffffff; font-family: Montserrat; font-size: small;\">&#8211; Conditions de ventes<\/span><br \/><span style=\"color: #ffffff; font-family: Montserrat; font-size: small;\">&#8211; Informations l\u00e9gales<\/span><br \/><span style=\"color: #ffffff; font-family: Montserrat; font-size: small;\">&#8211; Protection des donn\u00e9es<\/span><br \/><span style=\"color: #ffffff; font-family: Montserrat; font-size: small;\">&#8211; Protection des cookies<\/span><\/p>\n<p>[\/et_pb_text][\/et_pb_column][et_pb_column type=\u00a0\u00bb1_5&Prime; _builder_version=\u00a0\u00bb4.25.1&Prime; _module_preset=\u00a0\u00bbdefault\u00a0\u00bb global_colors_info=\u00a0\u00bb{}\u00a0\u00bb][et_pb_text _builder_version=\u00a0\u00bb4.27.4&Prime; _module_preset=\u00a0\u00bbdefault\u00a0\u00bb inline_fonts=\u00a0\u00bbMontserrat\u00a0\u00bb global_colors_info=\u00a0\u00bb{}\u00a0\u00bb]<\/p>\n<p><span style=\"color: #ffffff; font-family: Montserrat; font-size: large;\"><b>NOUS FAIRE CONFIANCE<br \/><\/b><\/span><span style=\"color: #ffffff; font-family: Montserrat; font-size: small;\">&#8211; Une entreprise Fran\u00e7aise<\/span><br \/><span style=\"color: #ffffff; font-family: Montserrat; font-size: small;\">&#8211; 400 sp\u00e9cialistes pour vous conseiller<br \/>&#8211; 300 agences pr\u00e8s de chez vous<br \/>&#8211; Paiement s\u00e9curis\u00e9<\/span><\/p>\n<p><span style=\"color: #ffffff; font-family: Montserrat;\"><\/span><\/p>\n<p>[\/et_pb_text][\/et_pb_column][et_pb_column type=\u00a0\u00bb1_5&Prime; _builder_version=\u00a0\u00bb4.25.1&Prime; _module_preset=\u00a0\u00bbdefault\u00a0\u00bb global_colors_info=\u00a0\u00bb{}\u00a0\u00bb][et_pb_image src=\u00a0\u00bbhttps:\/\/alexandre-dallant.com\/wp-content\/uploads\/2025\/03\/BanFloa.png\u00a0\u00bb title_text=\u00a0\u00bbBanFloa\u00a0\u00bb _builder_version=\u00a0\u00bb4.27.4&Prime; _module_preset=\u00a0\u00bbdefault\u00a0\u00bb max_width=\u00a0\u00bb68%\u00a0\u00bb module_alignment=\u00a0\u00bbcenter\u00a0\u00bb global_colors_info=\u00a0\u00bb{}\u00a0\u00bb][\/et_pb_image][\/et_pb_column][\/et_pb_row][et_pb_row _builder_version=\u00a0\u00bb4.25.1&Prime; _module_preset=\u00a0\u00bbdefault\u00a0\u00bb max_width=\u00a0\u00bb1280px\u00a0\u00bb min_height=\u00a0\u00bb65.1px\u00a0\u00bb custom_margin=\u00a0\u00bb-7px|auto||auto||\u00a0\u00bb custom_padding=\u00a0\u00bb||1px|||\u00a0\u00bb global_colors_info=\u00a0\u00bb{}\u00a0\u00bb][et_pb_column type=\u00a0\u00bb4_4&Prime; _builder_version=\u00a0\u00bb4.25.1&Prime; _module_preset=\u00a0\u00bbdefault\u00a0\u00bb global_colors_info=\u00a0\u00bb{}\u00a0\u00bb][et_pb_social_media_follow icon_color=\u00a0\u00bb#FFFFFF\u00a0\u00bb use_icon_font_size=\u00a0\u00bbon\u00a0\u00bb icon_font_size=\u00a0\u00bb13px\u00a0\u00bb _builder_version=\u00a0\u00bb4.25.1&Prime; _module_preset=\u00a0\u00bbdefault\u00a0\u00bb background_color=\u00a0\u00bbRGBA(255,255,255,0)\u00a0\u00bb text_orientation=\u00a0\u00bbcenter\u00a0\u00bb global_colors_info=\u00a0\u00bb{}\u00a0\u00bb][et_pb_social_media_follow_network social_network=\u00a0\u00bbinstagram\u00a0\u00bb icon_color=\u00a0\u00bb#FFFFFF\u00a0\u00bb use_icon_font_size=\u00a0\u00bbon\u00a0\u00bb icon_font_size=\u00a0\u00bb22px\u00a0\u00bb _builder_version=\u00a0\u00bb4.25.1&Prime; _module_preset=\u00a0\u00bbdefault\u00a0\u00bb background_color=\u00a0\u00bbRGBA(255,255,255,0)\u00a0\u00bb background_enable_color=\u00a0\u00bbon\u00a0\u00bb global_colors_info=\u00a0\u00bb{}\u00a0\u00bb follow_button=\u00a0\u00bboff\u00a0\u00bb url_new_window=\u00a0\u00bbon\u00a0\u00bb]instagram[\/et_pb_social_media_follow_network][et_pb_social_media_follow_network social_network=\u00a0\u00bbfacebook\u00a0\u00bb use_icon_font_size=\u00a0\u00bbon\u00a0\u00bb icon_font_size=\u00a0\u00bb20px\u00a0\u00bb _builder_version=\u00a0\u00bb4.25.1&Prime; _module_preset=\u00a0\u00bbdefault\u00a0\u00bb background_color=\u00a0\u00bbRGBA(255,255,255,0)\u00a0\u00bb background_enable_color=\u00a0\u00bbon\u00a0\u00bb global_colors_info=\u00a0\u00bb{}\u00a0\u00bb follow_button=\u00a0\u00bboff\u00a0\u00bb url_new_window=\u00a0\u00bbon\u00a0\u00bb]facebook[\/et_pb_social_media_follow_network][et_pb_social_media_follow_network social_network=\u00a0\u00bblinkedin\u00a0\u00bb use_icon_font_size=\u00a0\u00bbon\u00a0\u00bb icon_font_size=\u00a0\u00bb22px\u00a0\u00bb _builder_version=\u00a0\u00bb4.25.1&Prime; _module_preset=\u00a0\u00bbdefault\u00a0\u00bb background_color=\u00a0\u00bbRGBA(255,255,255,0)\u00a0\u00bb background_enable_color=\u00a0\u00bbon\u00a0\u00bb global_colors_info=\u00a0\u00bb{}\u00a0\u00bb follow_button=\u00a0\u00bboff\u00a0\u00bb url_new_window=\u00a0\u00bbon\u00a0\u00bb]linkedin[\/et_pb_social_media_follow_network][et_pb_social_media_follow_network social_network=\u00a0\u00bbyoutube\u00a0\u00bb url=\u00a0\u00bbhttps:\/\/www.youtube.com\/@havasvoyages1938&Prime; use_icon_font_size=\u00a0\u00bbon\u00a0\u00bb icon_font_size=\u00a0\u00bb22px\u00a0\u00bb _builder_version=\u00a0\u00bb4.25.1&Prime; _module_preset=\u00a0\u00bbdefault\u00a0\u00bb background_color=\u00a0\u00bbRGBA(255,255,255,0)\u00a0\u00bb background_enable_color=\u00a0\u00bbon\u00a0\u00bb global_colors_info=\u00a0\u00bb{}\u00a0\u00bb follow_button=\u00a0\u00bboff\u00a0\u00bb url_new_window=\u00a0\u00bbon\u00a0\u00bb]youtube[\/et_pb_social_media_follow_network][\/et_pb_social_media_follow][\/et_pb_column][\/et_pb_row][\/et_pb_section]<\/p>\n","protected":false},"excerpt":{"rendered":"<p>Planifiez votre voyage HAVAS VOYAGES- Nous rejoindre- Nos agences- Contactez nos sp\u00e9cialistes- Contactez-nousNOS M\u00c9TIERS- Voyages \u00e0 la carte- Groupes- Voyages d\u2019affaires- Meeting &amp; Events- SportINFOS PRATIQUES- Conditions de ventes- Informations l\u00e9gales- Protection des donn\u00e9es- Protection des cookiesNOUS FAIRE CONFIANCE- Une entreprise Fran\u00e7aise- 400 sp\u00e9cialistes pour vous conseiller- 300 agences pr\u00e8s de chez vous- Paiement s\u00e9curis\u00e9<\/p>\n","protected":false},"author":1,"featured_media":0,"parent":0,"menu_order":0,"comment_status":"closed","ping_status":"closed","template":"","meta":{"_et_pb_use_builder":"on","_et_pb_old_content":"","_et_gb_content_width":"","footnotes":""},"class_list":["post-7427","page","type-page","status-publish","hentry"],"yoast_head":"<!-- This site is optimized with the Yoast SEO plugin v26.4 - https:\/\/yoast.com\/wordpress\/plugins\/seo\/ -->\n<title>Havas-m\u00e9tiers-home-g\u00e9n\u00e9rique-off - Alexandre dallant - Directeur Artistique<\/title>\n<meta name=\"robots\" content=\"index, follow, max-snippet:-1, max-image-preview:large, max-video-preview:-1\" \/>\n<link rel=\"canonical\" href=\"https:\/\/alexandre-dallant.com\/index.php\/havas-metiers-home-generique\/\" \/>\n<meta property=\"og:locale\" content=\"fr_FR\" \/>\n<meta property=\"og:type\" content=\"article\" \/>\n<meta property=\"og:title\" content=\"Havas-m\u00e9tiers-home-g\u00e9n\u00e9rique-off - Alexandre dallant - Directeur Artistique\" \/>\n<meta property=\"og:description\" content=\"Planifiez votre voyage HAVAS VOYAGES- Nous rejoindre- Nos agences- Contactez nos sp\u00e9cialistes- Contactez-nousNOS M\u00c9TIERS- Voyages \u00e0 la carte- Groupes- Voyages d\u2019affaires- Meeting &amp; Events- SportINFOS PRATIQUES- Conditions de ventes- Informations l\u00e9gales- Protection des donn\u00e9es- Protection des cookiesNOUS FAIRE CONFIANCE- Une entreprise Fran\u00e7aise- 400 sp\u00e9cialistes pour vous conseiller- 300 agences pr\u00e8s de chez vous- Paiement s\u00e9curis\u00e9\" \/>\n<meta property=\"og:url\" content=\"https:\/\/alexandre-dallant.com\/index.php\/havas-metiers-home-generique\/\" \/>\n<meta property=\"og:site_name\" content=\"Alexandre dallant - Directeur Artistique\" \/>\n<meta property=\"article:modified_time\" content=\"2025-12-05T17:38:44+00:00\" \/>\n<meta name=\"twitter:card\" content=\"summary_large_image\" \/>\n<script type=\"application\/ld+json\" class=\"yoast-schema-graph\">{\"@context\":\"https:\/\/schema.org\",\"@graph\":[{\"@type\":\"WebPage\",\"@id\":\"https:\/\/alexandre-dallant.com\/index.php\/havas-metiers-home-generique\/\",\"url\":\"https:\/\/alexandre-dallant.com\/index.php\/havas-metiers-home-generique\/\",\"name\":\"Havas-m\u00e9tiers-home-g\u00e9n\u00e9rique-off - Alexandre dallant - Directeur Artistique\",\"isPartOf\":{\"@id\":\"https:\/\/alexandre-dallant.com\/#website\"},\"datePublished\":\"2025-05-05T12:20:10+00:00\",\"dateModified\":\"2025-12-05T17:38:44+00:00\",\"breadcrumb\":{\"@id\":\"https:\/\/alexandre-dallant.com\/index.php\/havas-metiers-home-generique\/#breadcrumb\"},\"inLanguage\":\"fr-FR\",\"potentialAction\":[{\"@type\":\"ReadAction\",\"target\":[\"https:\/\/alexandre-dallant.com\/index.php\/havas-metiers-home-generique\/\"]}]},{\"@type\":\"BreadcrumbList\",\"@id\":\"https:\/\/alexandre-dallant.com\/index.php\/havas-metiers-home-generique\/#breadcrumb\",\"itemListElement\":[{\"@type\":\"ListItem\",\"position\":1,\"name\":\"Accueil\",\"item\":\"https:\/\/alexandre-dallant.com\/\"},{\"@type\":\"ListItem\",\"position\":2,\"name\":\"Havas-m\u00e9tiers-home-g\u00e9n\u00e9rique-off\"}]},{\"@type\":\"WebSite\",\"@id\":\"https:\/\/alexandre-dallant.com\/#website\",\"url\":\"https:\/\/alexandre-dallant.com\/\",\"name\":\"Alexandre dallant - Directeur Artistique\",\"description\":\"Directeur artistique depuis 30 ans | Vision cr\u00e9ative 360\u00b0 pour grandes marques | Expertise design, branding &amp; strat\u00e9gie visuelle | D\u00e9couvrez mon portfolio\",\"potentialAction\":[{\"@type\":\"SearchAction\",\"target\":{\"@type\":\"EntryPoint\",\"urlTemplate\":\"https:\/\/alexandre-dallant.com\/?s={search_term_string}\"},\"query-input\":{\"@type\":\"PropertyValueSpecification\",\"valueRequired\":true,\"valueName\":\"search_term_string\"}}],\"inLanguage\":\"fr-FR\"}]}<\/script>\n<!-- \/ Yoast SEO plugin. -->","yoast_head_json":{"title":"Havas-m\u00e9tiers-home-g\u00e9n\u00e9rique-off - Alexandre dallant - Directeur Artistique","robots":{"index":"index","follow":"follow","max-snippet":"max-snippet:-1","max-image-preview":"max-image-preview:large","max-video-preview":"max-video-preview:-1"},"canonical":"https:\/\/alexandre-dallant.com\/index.php\/havas-metiers-home-generique\/","og_locale":"fr_FR","og_type":"article","og_title":"Havas-m\u00e9tiers-home-g\u00e9n\u00e9rique-off - Alexandre dallant - Directeur Artistique","og_description":"Planifiez votre voyage HAVAS VOYAGES- Nous rejoindre- Nos agences- Contactez nos sp\u00e9cialistes- Contactez-nousNOS M\u00c9TIERS- Voyages \u00e0 la carte- Groupes- Voyages d\u2019affaires- Meeting &amp; Events- SportINFOS PRATIQUES- Conditions de ventes- Informations l\u00e9gales- Protection des donn\u00e9es- Protection des cookiesNOUS FAIRE CONFIANCE- Une entreprise Fran\u00e7aise- 400 sp\u00e9cialistes pour vous conseiller- 300 agences pr\u00e8s de chez vous- Paiement s\u00e9curis\u00e9","og_url":"https:\/\/alexandre-dallant.com\/index.php\/havas-metiers-home-generique\/","og_site_name":"Alexandre dallant - Directeur Artistique","article_modified_time":"2025-12-05T17:38:44+00:00","twitter_card":"summary_large_image","schema":{"@context":"https:\/\/schema.org","@graph":[{"@type":"WebPage","@id":"https:\/\/alexandre-dallant.com\/index.php\/havas-metiers-home-generique\/","url":"https:\/\/alexandre-dallant.com\/index.php\/havas-metiers-home-generique\/","name":"Havas-m\u00e9tiers-home-g\u00e9n\u00e9rique-off - Alexandre dallant - Directeur Artistique","isPartOf":{"@id":"https:\/\/alexandre-dallant.com\/#website"},"datePublished":"2025-05-05T12:20:10+00:00","dateModified":"2025-12-05T17:38:44+00:00","breadcrumb":{"@id":"https:\/\/alexandre-dallant.com\/index.php\/havas-metiers-home-generique\/#breadcrumb"},"inLanguage":"fr-FR","potentialAction":[{"@type":"ReadAction","target":["https:\/\/alexandre-dallant.com\/index.php\/havas-metiers-home-generique\/"]}]},{"@type":"BreadcrumbList","@id":"https:\/\/alexandre-dallant.com\/index.php\/havas-metiers-home-generique\/#breadcrumb","itemListElement":[{"@type":"ListItem","position":1,"name":"Accueil","item":"https:\/\/alexandre-dallant.com\/"},{"@type":"ListItem","position":2,"name":"Havas-m\u00e9tiers-home-g\u00e9n\u00e9rique-off"}]},{"@type":"WebSite","@id":"https:\/\/alexandre-dallant.com\/#website","url":"https:\/\/alexandre-dallant.com\/","name":"Alexandre dallant - Directeur Artistique","description":"Directeur artistique depuis 30 ans | Vision cr\u00e9ative 360\u00b0 pour grandes marques | Expertise design, branding &amp; strat\u00e9gie visuelle | D\u00e9couvrez mon portfolio","potentialAction":[{"@type":"SearchAction","target":{"@type":"EntryPoint","urlTemplate":"https:\/\/alexandre-dallant.com\/?s={search_term_string}"},"query-input":{"@type":"PropertyValueSpecification","valueRequired":true,"valueName":"search_term_string"}}],"inLanguage":"fr-FR"}]}},"_links":{"self":[{"href":"https:\/\/alexandre-dallant.com\/index.php\/wp-json\/wp\/v2\/pages\/7427","targetHints":{"allow":["GET"]}}],"collection":[{"href":"https:\/\/alexandre-dallant.com\/index.php\/wp-json\/wp\/v2\/pages"}],"about":[{"href":"https:\/\/alexandre-dallant.com\/index.php\/wp-json\/wp\/v2\/types\/page"}],"author":[{"embeddable":true,"href":"https:\/\/alexandre-dallant.com\/index.php\/wp-json\/wp\/v2\/users\/1"}],"replies":[{"embeddable":true,"href":"https:\/\/alexandre-dallant.com\/index.php\/wp-json\/wp\/v2\/comments?post=7427"}],"version-history":[{"count":17,"href":"https:\/\/alexandre-dallant.com\/index.php\/wp-json\/wp\/v2\/pages\/7427\/revisions"}],"predecessor-version":[{"id":10561,"href":"https:\/\/alexandre-dallant.com\/index.php\/wp-json\/wp\/v2\/pages\/7427\/revisions\/10561"}],"wp:attachment":[{"href":"https:\/\/alexandre-dallant.com\/index.php\/wp-json\/wp\/v2\/media?parent=7427"}],"curies":[{"name":"wp","href":"https:\/\/api.w.org\/{rel}","templated":true}]}}